{"id":9409,"date":"2020-10-14T15:14:03","date_gmt":"2020-10-14T22:14:03","guid":{"rendered":"http:\/\/vitaetax.com\/?page_id=9409"},"modified":"2020-10-14T15:27:56","modified_gmt":"2020-10-14T22:27:56","slug":"vlog","status":"publish","type":"page","link":"https:\/\/vitaetax.com\/es\/vlog\/","title":{"rendered":"Vlog"},"content":{"rendered":"<div class=\"wpb_wrapper\">\n<div class=\"vc_empty_space\" style=\"height: 45px\"><span class=\"vc_empty_space_inner\"><\/span><\/div>\n<div class=\"wpb_text_column wpb_content_element   ct_qhktes34h9484apvj9oq\">\n<div class=\"wpb_wrapper\">\n<h3 style=\"text-align: center;\"><span style=\"color: #00aeef;\">Seguro Social Explicado<\/span><\/h3>\n<\/p><\/div>\n<style type=\"text\/css\">.ct_qhktes34h9484apvj9oq {font-size:30px;}<\/style>\n<\/p><\/div>\n<style type=\"text\/css\">#l_ylxcko2mxsqy7ps77pn6.sc_line ,#l_ylxcko2mxsqy7ps77pn6 .sc_line { height:1px; background:#a1b1bc;}#l_ylxcko2mxsqy7ps77pn6 {margin:0px 0 3px 0; padding:0;}<\/style>\n<style type=\"text\/css\"> @font-face{font-family: 'el'; src:url('http:\/\/vitaetax.com\/wp-content\/themes\/thefox\/includes\/4k-icons\/icons\/4k-icons-pack02\/icons\/fonts\/el.eot'); src:url('http:\/\/vitaetax.com\/wp-content\/themes\/thefox\/includes\/4k-icons\/icons\/4k-icons-pack02\/icons\/fonts\/el.eot?#iefix') format('embedded-opentype'), url('http:\/\/vitaetax.com\/wp-content\/themes\/thefox\/includes\/4k-icons\/icons\/4k-icons-pack02\/icons\/fonts\/el.woff') format('woff'), url('http:\/\/vitaetax.com\/wp-content\/themes\/thefox\/includes\/4k-icons\/icons\/4k-icons-pack02\/icons\/fonts\/el.ttf') format('truetype'), url('http:\/\/vitaetax.com\/wp-content\/themes\/thefox\/includes\/4k-icons\/icons\/4k-icons-pack02\/icons\/fonts\/el.svg#oi') format('svg'); font-weight: normal; font-style: normal;}#l_ylxcko2mxsqy7ps77pn6 .el-lifesaver:before{font-family: 'el'; font-weight: normal; font-style: normal;}#l_ylxcko2mxsqy7ps77pn6 .el-lifesaver:before{content: \"\\e054\";}<\/style>\n<style type=\"text\/css\">#l_ylxcko2mxsqy7ps77pn6.rd_icon_line_c{height:42px;}#l_ylxcko2mxsqy7ps77pn6.rd_icon_line_c i{line-height:37px; width:37px ; font-size:37px; color:#a1b1bc ; margin-left:-18.5px;}#l_ylxcko2mxsqy7ps77pn6 .sc_line_l{float:left; margin:18.5px 0 0 0; width: -moz-calc(50% - 28.5px); width: -webkit-calc(50% - 28.5px); width: -o-calc(50% - 28.5px); width: calc(50% - 28.5px);}#l_ylxcko2mxsqy7ps77pn6 .sc_line_r{float:right; margin:18.5px 0 0 0; width: -moz-calc(50% - 28.5px); width: -webkit-calc(50% - 28.5px); width: -o-calc(50% - 28.5px); width: calc(50% - 28.5px);}<\/style>\n<div class=\"clearfix\"><\/div>\n<div id=\"l_ylxcko2mxsqy7ps77pn6\" class=\"rd_icon_line_c\"><i class=\"el-lifesaver\"><\/i><\/p>\n<div class=\"sc_line_l sc_line rd_line_normal\"><\/div>\n<div class=\"sc_line sc_line_r rd_line_normal\"><\/div>\n<\/div><\/div>\n<p><iframe loading=\"lazy\" width=\"600\" height=\"600\" src=\"https:\/\/www.youtube.com\/embed\/PrhsmhayCpQ\" frameborder=\"0\" allow=\"accelerometer; autoplay; clipboard-write; encrypted-media; gyroscope; picture-in-picture\" allowfullscreen><\/iframe><br \/>\n<\/p>\n<div class=\"wpb_wrapper\">\n<div class=\"vc_empty_space\" style=\"height: 45px\"><span class=\"vc_empty_space_inner\"><\/span><\/div>\n<div class=\"wpb_text_column wpb_content_element   ct_qhktes34h9484apvj9oq\">\n<div class=\"wpb_wrapper\">\n<h3 style=\"text-align: center;\"><span style=\"color: #00aeef;\">Deducciones de payroll explicado<\/span><\/h3>\n<\/p><\/div>\n<style type=\"text\/css\">.ct_qhktes34h9484apvj9oq {font-size:30px;}<\/style>\n<\/p><\/div>\n<style type=\"text\/css\">#l_ylxcko2mxsqy7ps77pn6.sc_line ,#l_ylxcko2mxsqy7ps77pn6 .sc_line { height:1px; background:#a1b1bc;}#l_ylxcko2mxsqy7ps77pn6 {margin:0px 0 3px 0; padding:0;}<\/style>\n<style type=\"text\/css\"> @font-face{font-family: 'el'; src:url('http:\/\/vitaetax.com\/wp-content\/themes\/thefox\/includes\/4k-icons\/icons\/4k-icons-pack02\/icons\/fonts\/el.eot'); src:url('http:\/\/vitaetax.com\/wp-content\/themes\/thefox\/includes\/4k-icons\/icons\/4k-icons-pack02\/icons\/fonts\/el.eot?#iefix') format('embedded-opentype'), url('http:\/\/vitaetax.com\/wp-content\/themes\/thefox\/includes\/4k-icons\/icons\/4k-icons-pack02\/icons\/fonts\/el.woff') format('woff'), url('http:\/\/vitaetax.com\/wp-content\/themes\/thefox\/includes\/4k-icons\/icons\/4k-icons-pack02\/icons\/fonts\/el.ttf') format('truetype'), url('http:\/\/vitaetax.com\/wp-content\/themes\/thefox\/includes\/4k-icons\/icons\/4k-icons-pack02\/icons\/fonts\/el.svg#oi') format('svg'); font-weight: normal; font-style: normal;}#l_ylxcko2mxsqy7ps77pn6 .el-lifesaver:before{font-family: 'el'; font-weight: normal; font-style: normal;}#l_ylxcko2mxsqy7ps77pn6 .el-lifesaver:before{content: \"\\e054\";}<\/style>\n<style type=\"text\/css\">#l_ylxcko2mxsqy7ps77pn6.rd_icon_line_c{height:42px;}#l_ylxcko2mxsqy7ps77pn6.rd_icon_line_c i{line-height:37px; width:37px ; font-size:37px; color:#a1b1bc ; margin-left:-18.5px;}#l_ylxcko2mxsqy7ps77pn6 .sc_line_l{float:left; margin:18.5px 0 0 0; width: -moz-calc(50% - 28.5px); width: -webkit-calc(50% - 28.5px); width: -o-calc(50% - 28.5px); width: calc(50% - 28.5px);}#l_ylxcko2mxsqy7ps77pn6 .sc_line_r{float:right; margin:18.5px 0 0 0; width: -moz-calc(50% - 28.5px); width: -webkit-calc(50% - 28.5px); width: -o-calc(50% - 28.5px); width: calc(50% - 28.5px);}<\/style>\n<div class=\"clearfix\"><\/div>\n<div id=\"l_ylxcko2mxsqy7ps77pn6\" class=\"rd_icon_line_c\"><i class=\"el-lifesaver\"><\/i><\/p>\n<div class=\"sc_line_l sc_line rd_line_normal\"><\/div>\n<div class=\"sc_line sc_line_r rd_line_normal\"><\/div>\n<\/div><\/div>\n<p><iframe loading=\"lazy\" width=\"600\" height=\"600\" src=\"https:\/\/www.youtube.com\/embed\/huKbO-o0WlE\" frameborder=\"0\" allow=\"accelerometer; autoplay; clipboard-write; encrypted-media; gyroscope; picture-in-picture\" allowfullscreen><\/iframe><br \/>\n<\/p>\n<div class=\"wpb_wrapper\">\n<div class=\"vc_empty_space\" style=\"height: 45px\"><span class=\"vc_empty_space_inner\"><\/span><\/div>\n<div class=\"wpb_text_column wpb_content_element   ct_qhktes34h9484apvj9oq\">\n<div class=\"wpb_wrapper\">\n<h3 style=\"text-align: center;\"><span style=\"color: #00aeef;\">Impuestos de Empleador explicado<\/span><\/h3>\n<\/p><\/div>\n<style type=\"text\/css\">.ct_qhktes34h9484apvj9oq {font-size:30px;}<\/style>\n<\/p><\/div>\n<style type=\"text\/css\">#l_ylxcko2mxsqy7ps77pn6.sc_line ,#l_ylxcko2mxsqy7ps77pn6 .sc_line { height:1px; background:#a1b1bc;}#l_ylxcko2mxsqy7ps77pn6 {margin:0px 0 3px 0; padding:0;}<\/style>\n<style type=\"text\/css\"> @font-face{font-family: 'el'; src:url('http:\/\/vitaetax.com\/wp-content\/themes\/thefox\/includes\/4k-icons\/icons\/4k-icons-pack02\/icons\/fonts\/el.eot'); src:url('http:\/\/vitaetax.com\/wp-content\/themes\/thefox\/includes\/4k-icons\/icons\/4k-icons-pack02\/icons\/fonts\/el.eot?#iefix') format('embedded-opentype'), url('http:\/\/vitaetax.com\/wp-content\/themes\/thefox\/includes\/4k-icons\/icons\/4k-icons-pack02\/icons\/fonts\/el.woff') format('woff'), url('http:\/\/vitaetax.com\/wp-content\/themes\/thefox\/includes\/4k-icons\/icons\/4k-icons-pack02\/icons\/fonts\/el.ttf') format('truetype'), url('http:\/\/vitaetax.com\/wp-content\/themes\/thefox\/includes\/4k-icons\/icons\/4k-icons-pack02\/icons\/fonts\/el.svg#oi') format('svg'); font-weight: normal; font-style: normal;}#l_ylxcko2mxsqy7ps77pn6 .el-lifesaver:before{font-family: 'el'; font-weight: normal; font-style: normal;}#l_ylxcko2mxsqy7ps77pn6 .el-lifesaver:before{content: \"\\e054\";}<\/style>\n<style type=\"text\/css\">#l_ylxcko2mxsqy7ps77pn6.rd_icon_line_c{height:42px;}#l_ylxcko2mxsqy7ps77pn6.rd_icon_line_c i{line-height:37px; width:37px ; font-size:37px; color:#a1b1bc ; margin-left:-18.5px;}#l_ylxcko2mxsqy7ps77pn6 .sc_line_l{float:left; margin:18.5px 0 0 0; width: -moz-calc(50% - 28.5px); width: -webkit-calc(50% - 28.5px); width: -o-calc(50% - 28.5px); width: calc(50% - 28.5px);}#l_ylxcko2mxsqy7ps77pn6 .sc_line_r{float:right; margin:18.5px 0 0 0; width: -moz-calc(50% - 28.5px); width: -webkit-calc(50% - 28.5px); width: -o-calc(50% - 28.5px); width: calc(50% - 28.5px);}<\/style>\n<div class=\"clearfix\"><\/div>\n<div id=\"l_ylxcko2mxsqy7ps77pn6\" class=\"rd_icon_line_c\"><i class=\"el-lifesaver\"><\/i><\/p>\n<div class=\"sc_line_l sc_line rd_line_normal\"><\/div>\n<div class=\"sc_line sc_line_r rd_line_normal\"><\/div>\n<\/div><\/div>\n<p><iframe loading=\"lazy\" width=\"600\" height=\"600\" src=\"https:\/\/www.youtube.com\/embed\/x4SjuY_sL2k\" frameborder=\"0\" allow=\"accelerometer; autoplay; clipboard-write; encrypted-media; gyroscope; picture-in-picture\" allowfullscreen><\/iframe><br \/>\n<\/p>\n<div class=\"wpb_wrapper\">\n<div class=\"vc_empty_space\" style=\"height: 45px\"><span class=\"vc_empty_space_inner\"><\/span><\/div>\n<div class=\"wpb_text_column wpb_content_element   ct_qhktes34h9484apvj9oq\">\n<div class=\"wpb_wrapper\">\n<h3 style=\"text-align: center;\"><span style=\"color: #00aeef;\">Corporaci\u00f3n S C\u00f3mo funciona y c\u00f3mo manejarla &#8211; VitaeTax: 1(888) 848-2346<\/span><\/h3>\n<\/p><\/div>\n<style type=\"text\/css\">.ct_qhktes34h9484apvj9oq {font-size:30px;}<\/style>\n<\/p><\/div>\n<style type=\"text\/css\">#l_ylxcko2mxsqy7ps77pn6.sc_line ,#l_ylxcko2mxsqy7ps77pn6 .sc_line { height:1px; background:#a1b1bc;}#l_ylxcko2mxsqy7ps77pn6 {margin:0px 0 3px 0; padding:0;}<\/style>\n<style type=\"text\/css\"> @font-face{font-family: 'el'; src:url('http:\/\/vitaetax.com\/wp-content\/themes\/thefox\/includes\/4k-icons\/icons\/4k-icons-pack02\/icons\/fonts\/el.eot'); src:url('http:\/\/vitaetax.com\/wp-content\/themes\/thefox\/includes\/4k-icons\/icons\/4k-icons-pack02\/icons\/fonts\/el.eot?#iefix') format('embedded-opentype'), url('http:\/\/vitaetax.com\/wp-content\/themes\/thefox\/includes\/4k-icons\/icons\/4k-icons-pack02\/icons\/fonts\/el.woff') format('woff'), url('http:\/\/vitaetax.com\/wp-content\/themes\/thefox\/includes\/4k-icons\/icons\/4k-icons-pack02\/icons\/fonts\/el.ttf') format('truetype'), url('http:\/\/vitaetax.com\/wp-content\/themes\/thefox\/includes\/4k-icons\/icons\/4k-icons-pack02\/icons\/fonts\/el.svg#oi') format('svg'); font-weight: normal; font-style: normal;}#l_ylxcko2mxsqy7ps77pn6 .el-lifesaver:before{font-family: 'el'; font-weight: normal; font-style: normal;}#l_ylxcko2mxsqy7ps77pn6 .el-lifesaver:before{content: \"\\e054\";}<\/style>\n<style type=\"text\/css\">#l_ylxcko2mxsqy7ps77pn6.rd_icon_line_c{height:42px;}#l_ylxcko2mxsqy7ps77pn6.rd_icon_line_c i{line-height:37px; width:37px ; font-size:37px; color:#a1b1bc ; margin-left:-18.5px;}#l_ylxcko2mxsqy7ps77pn6 .sc_line_l{float:left; margin:18.5px 0 0 0; width: -moz-calc(50% - 28.5px); width: -webkit-calc(50% - 28.5px); width: -o-calc(50% - 28.5px); width: calc(50% - 28.5px);}#l_ylxcko2mxsqy7ps77pn6 .sc_line_r{float:right; margin:18.5px 0 0 0; width: -moz-calc(50% - 28.5px); width: -webkit-calc(50% - 28.5px); width: -o-calc(50% - 28.5px); width: calc(50% - 28.5px);}<\/style>\n<div class=\"clearfix\"><\/div>\n<div id=\"l_ylxcko2mxsqy7ps77pn6\" class=\"rd_icon_line_c\"><i class=\"el-lifesaver\"><\/i><\/p>\n<div class=\"sc_line_l sc_line rd_line_normal\"><\/div>\n<div class=\"sc_line sc_line_r rd_line_normal\"><\/div>\n<\/div><\/div>\n<p><iframe loading=\"lazy\" width=\"600\" height=\"600\" src=\"https:\/\/www.youtube.com\/embed\/_fkLfRimbf0\" frameborder=\"0\" allow=\"accelerometer; autoplay; clipboard-write; encrypted-media; gyroscope; picture-in-picture\" allowfullscreen><\/iframe><\/p>\n","protected":false},"excerpt":{"rendered":"<p>Seguro Social Explicado Deducciones de payroll explicado Impuestos de Empleador explicado Corporaci\u00f3n S C\u00f3mo funciona y c\u00f3mo manejarla &#8211; VitaeTax: 1(888) 848-2346<br \/><a href=\"https:\/\/vitaetax.com\/es\/vlog\/\" class=\"more\">Read more<\/a><\/p>\n","protected":false},"author":1,"featured_media":0,"parent":0,"menu_order":0,"comment_status":"closed","ping_status":"closed","template":"","meta":{"footnotes":""},"class_list":["post-9409","page","type-page","status-publish","hentry"],"_links":{"self":[{"href":"https:\/\/vitaetax.com\/es\/wp-json\/wp\/v2\/pages\/9409","targetHints":{"allow":["GET"]}}],"collection":[{"href":"https:\/\/vitaetax.com\/es\/wp-json\/wp\/v2\/pages"}],"about":[{"href":"https:\/\/vitaetax.com\/es\/wp-json\/wp\/v2\/types\/page"}],"author":[{"embeddable":true,"href":"https:\/\/vitaetax.com\/es\/wp-json\/wp\/v2\/users\/1"}],"replies":[{"embeddable":true,"href":"https:\/\/vitaetax.com\/es\/wp-json\/wp\/v2\/comments?post=9409"}],"version-history":[{"count":9,"href":"https:\/\/vitaetax.com\/es\/wp-json\/wp\/v2\/pages\/9409\/revisions"}],"predecessor-version":[{"id":9423,"href":"https:\/\/vitaetax.com\/es\/wp-json\/wp\/v2\/pages\/9409\/revisions\/9423"}],"wp:attachment":[{"href":"https:\/\/vitaetax.com\/es\/wp-json\/wp\/v2\/media?parent=9409"}],"curies":[{"name":"wp","href":"https:\/\/api.w.org\/{rel}","templated":true}]}}