{"id":8839,"date":"2015-07-20T10:44:45","date_gmt":"2015-07-20T10:44:45","guid":{"rendered":"https:\/\/vitaetax.greenshieldtech.com\/home\/"},"modified":"2020-03-14T12:20:42","modified_gmt":"2020-03-14T19:20:42","slug":"home","status":"publish","type":"page","link":"http:\/\/vitaetax.com\/es\/","title":{"rendered":"Inicio"},"content":{"rendered":"<p>[vc_row equal_height=&#8221;yes&#8221; css=&#8221;.vc_custom_1571939882281{padding-top: 35px !important;}&#8221;][vc_column][vc_column_text font_size=&#8221;30&#8243;]<\/p>\n<h2 style=\"text-align: left;\"><span style=\"color: #00aeef;\">Somos <span style=\"color: #c1d82f;\">PROACTIVOS<\/span> durante todo el a\u00f1o porque usted necesita a alguien que no solamente le ayude a completar sus impuestos, sino que proporcione revisiones peri\u00f3dicas de los riesgos fiscales asociados con su negocio para que pueda tomar decisiones acertadas.<\/span><\/h2>\n<p>[\/vc_column_text][vc_column_text font_size=&#8221;30&#8243;]<\/p>\n<h2 style=\"text-align: left;\"><span style=\"color: #00aeef;\">Somos <span style=\"color: #c1d82f;\">PROTECTORES<\/span> de cada uno de los retornos comerciales que completamos \u00bfPor qu\u00e9 de qu\u00e9 sirve un servicio de preparaci\u00f3n de impuestos si no proporcionan la documentaci\u00f3n adecuada y no se aseguran de que todo est\u00e9 en regla para que se pueda proteger en el evento de una auditor\u00eda?<\/span><\/h2>\n<p>[\/vc_column_text][vc_column_text font_size=&#8221;30&#8243;]<\/p>\n<h2 style=\"text-align: left;\"><span style=\"color: #00aeef;\">Somos <span style=\"color: #c1d82f;\">PROFESIONALES<\/span> y estamos en este negocio para realizar el trabajo y no para causarle m\u00e1s.<\/span><\/h2>\n<p>[\/vc_column_text][\/vc_column][\/vc_row][vc_row type=&#8221;full-width-section&#8221; parallax=&#8221;tt_parallax&#8221; parallax_image=&#8221;8485&#8243; overlay=&#8221;1&#8243; css=&#8221;.vc_custom_1572028275873{margin-bottom: 0px !important;padding-top: 30px !important;padding-bottom: 50px !important;}&#8221;][vc_column width=&#8221;1\/2&#8243;][vc_custom_heading text=&#8221;CUANDO USTED CONSIDERE LOS SERVICIOS TRIBUTARIOS PARA SU NEGOCIO O PARA USTED MISMO, CONSIDERE LO SIGUIENTE:&#8221; font_container=&#8221;tag:h2|text_align:left|color:%23161616&#8243; google_fonts=&#8221;font_family:Lato%3A100%2C100italic%2C300%2C300italic%2Cregular%2Citalic%2C700%2C700italic%2C900%2C900italic|font_style:400%20regular%3A400%3Anormal&#8221;][vc_accordion active_tab=&#8221;1&#8243; style=&#8221;rd_acc_9&#8243; mt=&#8221;30px&#8221; mb=&#8221;0px&#8221;][vc_accordion_tab title=&#8221;\u00bfTiene acceso a un asesor fiscal de negocios?&#8221; title_altbg_color=&#8221;#30364f&#8221; content_text_color=&#8221;#fafafa&#8221; title_color=&#8221;#fafafa&#8221; title_bg_color=&#8221;#262c3f&#8221; active_bg_color=&#8221;#21c3f8&#8243; active_title_color=&#8221;#fafafa&#8221;][vc_column_text]<span style=\"color: #161616;\">\u00a1Con Vitae\u00ae Tax usted absolutamente cuenta con su propio asesor! Analizaremos su negocio y proporcionaremos estrategias integrales y flexibles para crear valor a\u00f1o tras a\u00f1o.<\/span>[\/vc_column_text][\/vc_accordion_tab][vc_accordion_tab title=&#8221;\u00bfAyudar\u00e1n a registrar o actualizar su entidad comercial?&#8221; title_altbg_color=&#8221;#30364f&#8221; title_color=&#8221;#fafafa&#8221; title_bg_color=&#8221;#262c3f&#8221; active_bg_color=&#8221;#21c3f8&#8243; active_title_color=&#8221;#fafafa&#8221;][vc_column_text]<span style=\"color: #161616;\">Vitae\u00ae Tax le ayudar\u00e1 con el proceso de presentaci\u00f3n para incorporar su negocio. Tambi\u00e9n lo guiaremos para que su entidad est\u00e9 siempre actualizada con las agencias gubernamentales correspondientes, incluida una explicaci\u00f3n de las implicaciones fiscales de su entidad seleccionada.<\/span>[\/vc_column_text][\/vc_accordion_tab][vc_accordion_tab title=&#8221;\u00bfOfrecen una preparaci\u00f3n de impuestos documentada y bien respaldada?&#8221; title_altbg_color=&#8221;#30364f&#8221; title_color=&#8221;#fafafa&#8221; title_bg_color=&#8221;#262c3f&#8221; active_bg_color=&#8221;#21c3f8&#8243; active_title_color=&#8221;#fafafa&#8221;][vc_column_text]<span style=\"color: #161616;\">El enfoque de Vitae\u00ae Tax para la preparaci\u00f3n de impuestos le brinda \u201clibros de impuestos\u201d, no solo base de datos. <strong> Recopilamos <\/strong>, <strong> Clasificamos <\/strong> y <strong> Registro <\/strong> cada transacci\u00f3n con la mayor cantidad de detalles disponibles en sus registros y cuentas bancarias. Una vez hecho esto, <strong> Conciliamos <\/strong> y <strong> Verificamos <\/strong> cada actividad comercial para garantizar una precisi\u00f3n total. As\u00ed es, con <span style=\"color: #fafafa;\"> Vitae\u00ae Tax de su lado.<\/span><\/span> usted puede presentar su declaraci\u00f3n con confianza.[\/vc_column_text][\/vc_accordion_tab][vc_accordion_tab title=&#8221;\u00bfOfrecen servicios completos de procesamiento de n\u00f3mina?&#8221; title_altbg_color=&#8221;#30364f&#8221; title_color=&#8221;#fafafa&#8221; title_bg_color=&#8221;#262c3f&#8221; active_bg_color=&#8221;#21c3f8&#8243; active_title_color=&#8221;#fafafa&#8221;][vc_column_text]<span style=\"color: #161616;\">Vitae\u00ae Tax le ofrece el soporte interno que necesita para procesar la n\u00f3mina. Utilizamos uno de los procesadores de n\u00f3mina m\u00e1s grandes del mundo. Nuestro servicio le permitir\u00e1 cumplir con los reglamentos legales sin ning\u00fan problema.\u00a0<\/span>[\/vc_column_text][\/vc_accordion_tab][vc_accordion_tab title=&#8221;\u00bfRevisar\u00e1n peri\u00f3dicamente el desempe\u00f1o y el cumplimiento?&#8221; title_altbg_color=&#8221;#30364f&#8221; title_color=&#8221;#fafafa&#8221; title_bg_color=&#8221;#262c3f&#8221; active_bg_color=&#8221;#21c3f8&#8243; active_title_color=&#8221;#fafafa&#8221;][vc_column_text]<span style=\"color: #161616;\">Nuestros profesionales de impuestos comerciales lo guiaran a trav\u00e9s de revisiones peri\u00f3dicas de impuestos. Tenga la seguridad de que con Vitae\u00ae Tax de su lado, estar\u00e1n todas sus necesidades de cumplimiento tributario satisfechas.<\/span>[\/vc_column_text][\/vc_accordion_tab][\/vc_accordion][\/vc_column][vc_column width=&#8221;1\/2&#8243;][vc_single_image image=&#8221;8044&#8243; img_size=&#8221;full&#8221;][\/vc_column][\/vc_row][vc_row][vc_column width=&#8221;1\/3&#8243;][vc_single_image image=&#8221;8744&#8243; img_size=&#8221;full&#8221;][\/vc_column][vc_column width=&#8221;1\/3&#8243;][vc_single_image image=&#8221;8746&#8243; img_size=&#8221;full&#8221;][\/vc_column][vc_column width=&#8221;1\/3&#8243;][vc_single_image image=&#8221;8748&#8243; img_size=&#8221;full&#8221;][\/vc_column][\/vc_row][vc_row type=&#8221;full-width-section&#8221; content_placement=&#8221;middle&#8221; parallax=&#8221;tt_parallax&#8221; parallax_image=&#8221;8759&#8243; css=&#8221;.vc_custom_1577998421992{padding-top: 40px !important;}&#8221;][vc_column][vc_row_inner css=&#8221;.vc_custom_1571933063012{padding-top: 30px !important;padding-right: 50px !important;padding-left: 50px !important;}&#8221;][vc_column_inner width=&#8221;2\/3&#8243;][vc_custom_heading text=&#8221;\u00a1Obtenga una consulta GRATUITA!&#8221; font_container=&#8221;tag:h2|font_size:35px|text_align:left|color:%23ffffff&#8221; google_fonts=&#8221;font_family:Roboto%3A100%2C100italic%2C300%2C300italic%2Cregular%2Citalic%2C500%2C500italic%2C700%2C700italic%2C900%2C900italic|font_style:400%20regular%3A400%3Anormal&#8221;][vc_custom_heading text=&#8221;\u00a1Re\u00fanase con uno de nuestros asesores de impuestos comerciales para una consulta \u00fanica, personalizada y GRATUITA!&#8221; font_container=&#8221;tag:h3|font_size:32px|text_align:left|color:%23ffffff|line_height:35px&#8221; google_fonts=&#8221;font_family:Roboto%3A100%2C100italic%2C300%2C300italic%2Cregular%2Citalic%2C500%2C500italic%2C700%2C700italic%2C900%2C900italic|font_style:300%20light%20regular%3A300%3Anormal&#8221;][\/vc_column_inner][vc_column_inner width=&#8221;1\/3&#8243; animation=&#8221;rda_fadeIn&#8221;]<style type=\"text\/css\" >#b_uio43h9yfb1z59k2tsca a{color:#ffffff; background:#cccc08; margin-top:50px; margin-bottom:0px;  margin-left:0px; margin-right:0px; font-weight:900; border-radius:0px;}#b_uio43h9yfb1z59k2tsca a:hover{color:#ffffff ; background:#d6d600 ;}<\/style><div class=\"ta_center tf_btn_pos\" id=\"b_uio43h9yfb1z59k2tsca\" ><a class=\"rd_normal_bt medium_rd_bt  \" href=\"http:\/\/vitaetax.com\/es\/contact-us\/#crmContactForm\" target=\"\"   >Cont\u00e1ctenos<\/a><\/div>[\/vc_column_inner][\/vc_row_inner][\/vc_column][\/vc_row][vc_row][vc_column]<style type=\"text\/css\" >#rp_9w5o29dauet2oyg2t3id .post-title h2 a{color:#2c3e50;}#rp_9w5o29dauet2oyg2t3id .rp_post_info a,#rp_9w5o29dauet2oyg2t3id .rp_post_info{color:#1abc9c;}#rp_9w5o29dauet2oyg2t3id .rp_entry{color:#161616;}#rp_9w5o29dauet2oyg2t3id .post-title h2 a:hover,#rp_9w5o29dauet2oyg2t3id .rp_post_info:hover,#rp_9w5o29dauet2oyg2t3id .rp_post_info:hover a{color:#29d9c2;}#rp_9w5o29dauet2oyg2t3id .blog_load_more_cont {bottom:-70px;}<\/style><script>\r\n\r\n\r\n\r\njQuery.noConflict();\r\njQuery(document).ready(function($){\r\n\"use strict\";\r\n\r\n\r\n $(window).load(function(){\r\n\r\nfunction watchblog() {\r\n\r\n$(\".masonry_ctn\").isotope({\r\n  \/\/ options\r\n  itemSelector : '.ajax_post',\r\n  layoutMode : 'masonry'\r\n});\r\n\r\n}\r\n\r\nsetInterval(watchblog, 100);\r\n\r\n});});\r\n\r\n\r\n<\/script>\r\n\r\n\r\n\r\n<div class=\"masonry_ctn blog_2_col\" id=\"rp_9w5o29dauet2oyg2t3id\">\r\n\r\n<div class=\"rp_type07 ajax_post blog_2_col \"><a href=\"http:\/\/vitaetax.com\/es\/people-are-tweeting-their-rage-at-scalia-but-theyre-making-one-crucial-mistake\/\" title=\"Five Tips For Relocating Your Small Business Office\">\r\n  <div class='post-attachement'><img loading=\"lazy\" decoding=\"async\" width=\"570\" height=\"570\" src=\"http:\/\/vitaetax.com\/wp-content\/uploads\/2015\/08\/office_moving_relocation_-570x570.jpg\" class=\"attachment-staff_tn size-staff_tn wp-post-image\" alt=\"relocating office\" srcset=\"http:\/\/vitaetax.com\/wp-content\/uploads\/2015\/08\/office_moving_relocation_-570x570.jpg 570w, http:\/\/vitaetax.com\/wp-content\/uploads\/2015\/08\/office_moving_relocation_-150x150.jpg 150w, http:\/\/vitaetax.com\/wp-content\/uploads\/2015\/08\/office_moving_relocation_-300x300.jpg 300w, http:\/\/vitaetax.com\/wp-content\/uploads\/2015\/08\/office_moving_relocation_-768x768.jpg 768w, http:\/\/vitaetax.com\/wp-content\/uploads\/2015\/08\/office_moving_relocation_-1024x1024.jpg 1024w, http:\/\/vitaetax.com\/wp-content\/uploads\/2015\/08\/office_moving_relocation_.jpg 1378w\" sizes=\"auto, (max-width: 570px) 100vw, 570px\" \/>  <div class=\"rp_post_time\">\r\n    <span class=\"rp_day\">20<\/span>\r\n    <span class=\"rp_month\">Nov<\/span>\r\n  <\/div>\r\n  <\/a><\/div>    \r\n  <div class=\"post_ctn\"> \r\n    <!-- .title -->\r\n    <div class=\"post-title\">\r\n      <h2><a href=\"http:\/\/vitaetax.com\/es\/people-are-tweeting-their-rage-at-scalia-but-theyre-making-one-crucial-mistake\/\" title=\"Five Tips For Relocating Your Small Business Office\">\r\n        Five Tips For Relocating Your Small Business Office        <\/a>\r\n      <\/h2>\r\n    <\/div>\r\n    <!-- .title END--> \r\n    \r\n    <!-- .entry --> \r\n    <div class=\"rp_entry\">\r\n\t<p>Relocation is often the result of a company\u2019s expansion or the end of its current lease. An expanding business<\/p>\n<p><\/p>    <\/div>\r\n    <!-- .entry END --> \r\n    \r\n\r\n      <!-- post-info -->\r\n    <div class=\"rp_post_info\"><a href=\"http:\/\/vitaetax.com\/es\/people-are-tweeting-their-rage-at-scalia-but-theyre-making-one-crucial-mistake\/#respond\" class=\"comments-link\" >0 comment<\/a><\/div>\r\n    <!-- post-info END-->  \r\n\r\n  <\/div>\r\n  <!-- post-content END-->\r\n\r\n<!-- post END -->\r\n<\/div>\r\n\r\n<div class=\"rp_type07 ajax_post blog_2_col \"><a href=\"http:\/\/vitaetax.com\/es\/how-a-tweet-turned-ubers-first-hire-into-a-millionaire\/\" title=\"Improve Your Online Presence for Your Home Business\">\r\n  <div class='post-attachement'><img loading=\"lazy\" decoding=\"async\" width=\"570\" height=\"570\" src=\"http:\/\/vitaetax.com\/wp-content\/uploads\/2015\/08\/beverage-coffee-desk-877695-570x570.jpg\" class=\"attachment-staff_tn size-staff_tn wp-post-image\" alt=\"online business-blogging\" srcset=\"http:\/\/vitaetax.com\/wp-content\/uploads\/2015\/08\/beverage-coffee-desk-877695-570x570.jpg 570w, http:\/\/vitaetax.com\/wp-content\/uploads\/2015\/08\/beverage-coffee-desk-877695-150x150.jpg 150w, http:\/\/vitaetax.com\/wp-content\/uploads\/2015\/08\/beverage-coffee-desk-877695-768x768.jpg 768w\" sizes=\"auto, (max-width: 570px) 100vw, 570px\" \/>  <div class=\"rp_post_time\">\r\n    <span class=\"rp_day\">23<\/span>\r\n    <span class=\"rp_month\">Oct<\/span>\r\n  <\/div>\r\n  <\/a><\/div>    \r\n  <div class=\"post_ctn\"> \r\n    <!-- .title -->\r\n    <div class=\"post-title\">\r\n      <h2><a href=\"http:\/\/vitaetax.com\/es\/how-a-tweet-turned-ubers-first-hire-into-a-millionaire\/\" title=\"Improve Your Online Presence for Your Home Business\">\r\n        Improve Your Online Presence for Your Home Business        <\/a>\r\n      <\/h2>\r\n    <\/div>\r\n    <!-- .title END--> \r\n    \r\n    <!-- .entry --> \r\n    <div class=\"rp_entry\">\r\n\t<p>If you want your business to thrive and grow in this digital era, you need to have a strong<\/p>\n<p><\/p>    <\/div>\r\n    <!-- .entry END --> \r\n    \r\n\r\n      <!-- post-info -->\r\n    <div class=\"rp_post_info\"><a href=\"http:\/\/vitaetax.com\/es\/how-a-tweet-turned-ubers-first-hire-into-a-millionaire\/#respond\" class=\"comments-link\" >0 comment<\/a><\/div>\r\n    <!-- post-info END-->  \r\n\r\n  <\/div>\r\n  <!-- post-content END-->\r\n\r\n<!-- post END -->\r\n<\/div>\r\n\r\n<div class=\"rp_type07 ajax_post blog_2_col \"><a href=\"http:\/\/vitaetax.com\/es\/the-worlds-first-commercial-jetpack-will-arrive-in-2016-and-itll-cost-you-150000\/\" title=\"Tips For Renting Your First Office Space\">\r\n  <div class='post-attachement'><img loading=\"lazy\" decoding=\"async\" width=\"570\" height=\"570\" src=\"http:\/\/vitaetax.com\/wp-content\/uploads\/2015\/08\/office-space-400-266-570x570.png\" class=\"attachment-staff_tn size-staff_tn wp-post-image\" alt=\"\" srcset=\"http:\/\/vitaetax.com\/wp-content\/uploads\/2015\/08\/office-space-400-266-570x570.png 570w, http:\/\/vitaetax.com\/wp-content\/uploads\/2015\/08\/office-space-400-266-150x150.png 150w, http:\/\/vitaetax.com\/wp-content\/uploads\/2015\/08\/office-space-400-266-768x768.png 768w\" sizes=\"auto, (max-width: 570px) 100vw, 570px\" \/>  <div class=\"rp_post_time\">\r\n    <span class=\"rp_day\">25<\/span>\r\n    <span class=\"rp_month\">Sep<\/span>\r\n  <\/div>\r\n  <\/a><\/div>    \r\n  <div class=\"post_ctn\"> \r\n    <!-- .title -->\r\n    <div class=\"post-title\">\r\n      <h2><a href=\"http:\/\/vitaetax.com\/es\/the-worlds-first-commercial-jetpack-will-arrive-in-2016-and-itll-cost-you-150000\/\" title=\"Tips For Renting Your First Office Space\">\r\n        Tips For Renting Your First Office Space        <\/a>\r\n      <\/h2>\r\n    <\/div>\r\n    <!-- .title END--> \r\n    \r\n    <!-- .entry --> \r\n    <div class=\"rp_entry\">\r\n\t<p>Leasing a Dedicated Space or Coworking? If you have a small team or are working alone and just need<\/p>\n<p><\/p>    <\/div>\r\n    <!-- .entry END --> \r\n    \r\n\r\n      <!-- post-info -->\r\n    <div class=\"rp_post_info\"><a href=\"http:\/\/vitaetax.com\/es\/the-worlds-first-commercial-jetpack-will-arrive-in-2016-and-itll-cost-you-150000\/#respond\" class=\"comments-link\" >0 comment<\/a><\/div>\r\n    <!-- post-info END-->  \r\n\r\n  <\/div>\r\n  <!-- post-content END-->\r\n\r\n<!-- post END -->\r\n<\/div>\r\n\r\n<\/div>\r\n[\/vc_column][\/vc_row][vc_row type=&#8221;full-width-section&#8221; overlay=&#8221;1&#8243; overlay_color=&#8221;rgba(0,0,0,0.69)&#8221; css=&#8221;.vc_custom_1577998364992{margin-bottom: 0px !important;padding-top: 150px !important;padding-bottom: 20px !important;background-image: url(http:\/\/vitaetax.com\/wp-content\/uploads\/2019\/10\/people-3192204_1920.jpg?id=8485) !important;}&#8221;][vc_column]<style type=\"text\/css\" >#tm_73wmfimquiqa75ik2te5.rd_tm_20 .tm_author{ color:#2c3e50;}#tm_73wmfimquiqa75ik2te5.rd_tm_20 .tm_l_nav,#tm_73wmfimquiqa75ik2te5.rd_tm_20 .tm_r_nav{ color:#fafafa; border:1px solid #00adef;}#tm_73wmfimquiqa75ik2te5.rd_tm_20 .tm_text,#tm_73wmfimquiqa75ik2te5.rd_tm_20 .tm_info{color:#fafafa; }#tm_73wmfimquiqa75ik2te5.rd_tm_20 .tm_l_nav:hover,#tm_73wmfimquiqa75ik2te5.rd_tm_20 .tm_r_nav:hover{background:#1abc9c; color:#fff;}#tm_73wmfimquiqa75ik2te5 {margin-top:0px; margin-bottom:0px;}<\/style><script type=\"text\/javascript\" charset=\"utf-8\">\r\n\t\tjQuery.noConflict();\r\n\t\t\r\n\t\/\/setup up Carousel\r\n\t\tjQuery(document).ready(function($) {\r\n\t\t\"use strict\";\r\n\t\t\r\n\t\t$(window).load(function(){\r\n\t\t$(\"#tm_73wmfimquiqa75ik2te5 .rd_testimonials\").carouFredSel({\r\n\t\t\t\t\t\r\n\t\t\t\t\tresponsive: true,\r\n\t\t\t\t\twidth: \"100%\",scroll:  { items:1,duration: 800},\r\n\t\t\t\t\tauto: true,\r\n\t\t\t\t\tprev: \"#tm_73wmfimquiqa75ik2te5_left\",\r\n\t\t\t\t\tnext: \"#tm_73wmfimquiqa75ik2te5_right\",\r\n\t\t\t\t\tpagination: \"#tm_73wmfimquiqa75ik2te5_pager\",\r\n\t\t\t\t\theight: \"variable\",\r\n\t\t\t\t\tswipe       : {\r\n             \t\t   onTouch     : true,\r\n\t\t               onMouse     : false\r\n        \t\t    },\r\n\t\t\t\t\titems: {\r\n        \t\t\t\theight: \"variable\",\r\n\t\t\t\t\t\tvisible: {\r\n\t\t\t\t\t\t\tmin: 1,\r\n\t\t\t\t\t\t\tmax: 1\r\n\t\t\t\t\t\t}\r\n\t\t\t\t\t}\r\n\t\t\t\t});\r\n\t\t\t\t});\r\n\t\t\t\t});\r\n\t<\/script><div class=\"rd_testimonials_ctn rd_tm_20 \" id=\"tm_73wmfimquiqa75ik2te5\"><div class=\"rd_testimonials\"><div class=\"rd_testimonial\">\r\n\r\n   <div class=\"tm_text\"><span style=\"font-weight: 400;\">\u201cMe gustar\u00eda agradecer a Vitae Tax por el gran servicio que me han brindado, han sido un gran apoyo para m\u00ed, han resuelto mi situaci\u00f3n fiscal con el IRS. Son muy profesionales y en todo momento est\u00e1n listos para apoyarme. Definitivamente los recomiendo sin duda alguna. Si necesita ayuda con sus impuestos no dude en llamarlos\u201d.<\/span><\/div>\r\n   <div class=\"tm_author_info\">\r\n\t<div class=\"tm_author\">ANTHONY<\/div>\r\n\r\n\t<div class=\"tm_info\">S.<\/div>\r\n\r\n   \r\n   <div class=\"tm_image\"><\/div><\/div><\/div><div class=\"rd_testimonial\">\r\n\r\n   <div class=\"tm_text\"><span style=\"font-weight: 400;\">\u201cQuede impresionado con mi consulta. Cuando estuve all\u00ed por primera vez para hacer mi declaraci\u00f3n de impuestos tuve una experiencia muy agradable, todos fueron amables y muy profesionales, y atendieron mi cita a tiempo. Definitivamente recomendar\u00eda Vitae Tax a todos mis contactos.\u201d<\/span><\/div>\r\n   <div class=\"tm_author_info\">\r\n\t<div class=\"tm_author\">Maria<\/div>\r\n\r\n\t<div class=\"tm_info\">S.<\/div>\r\n\r\n   \r\n   <div class=\"tm_image\"><\/div><\/div><\/div><div class=\"rd_testimonial\">\r\n\r\n   <div class=\"tm_text\"><span style=\"font-weight: 400;\">\u201cVitae Servicios de Impuestos y Contabilidad Fiscal ha estado proporcionando servicios de contabilidad para mis m\u00faltiples negocios. Aunque las entidades comerciales son diferentes, los procesos de contabilidad son los mismos y estoy muy satisfecho con el servicio que me han brindado\u201d. <\/span><\/p>\n<p><span style=\"font-weight: 400;\">Vitae Tax es un verdadero activo para las peque\u00f1as empresas. Los recomendar\u00eda altamente para los servicios de contabilidad &#8220;.<\/span><\/div>\r\n   <div class=\"tm_author_info\">\r\n\t<div class=\"tm_author\">NANCY<\/div>\r\n\r\n\t<div class=\"tm_info\">P.<\/div>\r\n\r\n   \r\n   <div class=\"tm_image\"><\/div><\/div><\/div><\/div><div class=\"tm_nav\"><div class=\"tm_l_nav\" id=\"tm_73wmfimquiqa75ik2te5_left\" ><\/div><div class=\"tm_r_nav\" id=\"tm_73wmfimquiqa75ik2te5_right\" ><\/div><\/div><div id=\"tm_73wmfimquiqa75ik2te5_pager\" class=\"rd_tm_pager\"><\/div><\/div>[\/vc_column][\/vc_row]<\/p>\n","protected":false},"excerpt":{"rendered":"<p>Leasing a Dedicated Space or Coworking? If you have a small team or are working alone and just need<\/p>\n","protected":false},"author":5,"featured_media":0,"parent":0,"menu_order":0,"comment_status":"open","ping_status":"open","template":"","meta":{"footnotes":""},"class_list":["post-8839","page","type-page","status-publish","hentry"],"_links":{"self":[{"href":"http:\/\/vitaetax.com\/es\/wp-json\/wp\/v2\/pages\/8839","targetHints":{"allow":["GET"]}}],"collection":[{"href":"http:\/\/vitaetax.com\/es\/wp-json\/wp\/v2\/pages"}],"about":[{"href":"http:\/\/vitaetax.com\/es\/wp-json\/wp\/v2\/types\/page"}],"author":[{"embeddable":true,"href":"http:\/\/vitaetax.com\/es\/wp-json\/wp\/v2\/users\/5"}],"replies":[{"embeddable":true,"href":"http:\/\/vitaetax.com\/es\/wp-json\/wp\/v2\/comments?post=8839"}],"version-history":[{"count":11,"href":"http:\/\/vitaetax.com\/es\/wp-json\/wp\/v2\/pages\/8839\/revisions"}],"predecessor-version":[{"id":8857,"href":"http:\/\/vitaetax.com\/es\/wp-json\/wp\/v2\/pages\/8839\/revisions\/8857"}],"wp:attachment":[{"href":"http:\/\/vitaetax.com\/es\/wp-json\/wp\/v2\/media?parent=8839"}],"curies":[{"name":"wp","href":"https:\/\/api.w.org\/{rel}","templated":true}]}}